{"id":4191,"date":"2022-11-29T18:15:36","date_gmt":"2022-11-29T17:15:36","guid":{"rendered":"https:\/\/www.v-veil-up-production.com\/declaratie-stiintifica\/"},"modified":"2025-05-15T12:28:26","modified_gmt":"2025-05-15T10:28:26","slug":"declaratie-stiintifica","status":"publish","type":"page","link":"https:\/\/www.v-veil-up-production.com\/ro\/declaratie-stiintifica\/","title":{"rendered":"Declara\u021bie \u0219tiin\u021bific\u0103"},"content":{"rendered":"\t\t<div data-elementor-type=\"wp-page\" data-elementor-id=\"4191\" class=\"elementor elementor-4191 elementor-4033\" data-elementor-post-type=\"page\">\n\t\t\t\t\t\t<section class=\"elementor-section elementor-top-section elementor-element elementor-element-5398ffae elementor-section-boxed elementor-section-height-default elementor-section-height-default\" data-id=\"5398ffae\" data-element_type=\"section\" data-e-type=\"section\">\n\t\t\t\t\t\t<div class=\"elementor-container elementor-column-gap-default\">\n\t\t\t\t\t<div class=\"elementor-column elementor-col-100 elementor-top-column elementor-element elementor-element-3a33469\" data-id=\"3a33469\" data-element_type=\"column\" data-e-type=\"column\">\n\t\t\t<div class=\"elementor-widget-wrap elementor-element-populated\">\n\t\t\t\t\t\t<div class=\"elementor-element elementor-element-68cbb534 elementor-view-default elementor-position-block-start elementor-mobile-position-block-start elementor-widget elementor-widget-icon-box\" data-id=\"68cbb534\" data-element_type=\"widget\" data-e-type=\"widget\" data-widget_type=\"icon-box.default\">\n\t\t\t\t\t\t\t<div class=\"elementor-icon-box-wrapper\">\n\n\t\t\t\t\t\t<div class=\"elementor-icon-box-icon\">\n\t\t\t\t<span  class=\"elementor-icon\">\n\t\t\t\t<svg aria-hidden=\"true\" class=\"e-font-icon-svg e-fab-readme\" viewBox=\"0 0 576 512\" xmlns=\"http:\/\/www.w3.org\/2000\/svg\"><path d=\"M528.3 46.5H388.5c-48.1 0-89.9 33.3-100.4 80.3-10.6-47-52.3-80.3-100.4-80.3H48c-26.5 0-48 21.5-48 48v245.8c0 26.5 21.5 48 48 48h89.7c102.2 0 132.7 24.4 147.3 75 .7 2.8 5.2 2.8 6 0 14.7-50.6 45.2-75 147.3-75H528c26.5 0 48-21.5 48-48V94.6c0-26.4-21.3-47.9-47.7-48.1zM242 311.9c0 1.9-1.5 3.5-3.5 3.5H78.2c-1.9 0-3.5-1.5-3.5-3.5V289c0-1.9 1.5-3.5 3.5-3.5h160.4c1.9 0 3.5 1.5 3.5 3.5v22.9zm0-60.9c0 1.9-1.5 3.5-3.5 3.5H78.2c-1.9 0-3.5-1.5-3.5-3.5v-22.9c0-1.9 1.5-3.5 3.5-3.5h160.4c1.9 0 3.5 1.5 3.5 3.5V251zm0-60.9c0 1.9-1.5 3.5-3.5 3.5H78.2c-1.9 0-3.5-1.5-3.5-3.5v-22.9c0-1.9 1.5-3.5 3.5-3.5h160.4c1.9 0 3.5 1.5 3.5 3.5v22.9zm259.3 121.7c0 1.9-1.5 3.5-3.5 3.5H337.5c-1.9 0-3.5-1.5-3.5-3.5v-22.9c0-1.9 1.5-3.5 3.5-3.5h160.4c1.9 0 3.5 1.5 3.5 3.5v22.9zm0-60.9c0 1.9-1.5 3.5-3.5 3.5H337.5c-1.9 0-3.5-1.5-3.5-3.5V228c0-1.9 1.5-3.5 3.5-3.5h160.4c1.9 0 3.5 1.5 3.5 3.5v22.9zm0-60.9c0 1.9-1.5 3.5-3.5 3.5H337.5c-1.9 0-3.5-1.5-3.5-3.5v-22.8c0-1.9 1.5-3.5 3.5-3.5h160.4c1.9 0 3.5 1.5 3.5 3.5V190z\"><\/path><\/svg>\t\t\t\t<\/span>\n\t\t\t<\/div>\n\t\t\t\n\t\t\t\t\t\t<div class=\"elementor-icon-box-content\">\n\n\t\t\t\t\t\t\t\t\t<h1 class=\"elementor-icon-box-title\">\n\t\t\t\t\t\t<span  >\n\t\t\t\t\t\t\tDeclara\u021bie \u0219tiin\u021bific\u0103\t\t\t\t\t\t<\/span>\n\t\t\t\t\t<\/h1>\n\t\t\t\t\n\t\t\t\t\n\t\t\t<\/div>\n\t\t\t\n\t\t<\/div>\n\t\t\t\t\t\t<\/div>\n\t\t\t\t\t<\/div>\n\t\t<\/div>\n\t\t\t\t\t<\/div>\n\t\t<\/section>\n\t\t\t\t<section class=\"elementor-section elementor-top-section elementor-element elementor-element-6d5e7b69 elementor-section-content-middle elementor-section-boxed elementor-section-height-default elementor-section-height-default\" data-id=\"6d5e7b69\" data-element_type=\"section\" data-e-type=\"section\">\n\t\t\t\t\t\t<div class=\"elementor-container elementor-column-gap-no\">\n\t\t\t\t\t<div class=\"elementor-column elementor-col-100 elementor-top-column elementor-element elementor-element-7fcf02e8\" data-id=\"7fcf02e8\" data-element_type=\"column\" data-e-type=\"column\">\n\t\t\t<div class=\"elementor-widget-wrap elementor-element-populated\">\n\t\t\t\t\t\t<section class=\"elementor-section elementor-inner-section elementor-element elementor-element-70869ce6 elementor-section-boxed elementor-section-height-default elementor-section-height-default\" data-id=\"70869ce6\" data-element_type=\"section\" data-e-type=\"section\">\n\t\t\t\t\t\t<div class=\"elementor-container elementor-column-gap-default\">\n\t\t\t\t\t<div class=\"elementor-column elementor-col-100 elementor-inner-column elementor-element elementor-element-78208f29\" data-id=\"78208f29\" data-element_type=\"column\" data-e-type=\"column\">\n\t\t\t<div class=\"elementor-widget-wrap elementor-element-populated\">\n\t\t\t\t\t\t<div class=\"elementor-element elementor-element-b728ea2 elementor-view-framed elementor-position-inline-start elementor-shape-square elementor-mobile-position-block-start elementor-widget elementor-widget-icon-box\" data-id=\"b728ea2\" data-element_type=\"widget\" data-e-type=\"widget\" data-widget_type=\"icon-box.default\">\n\t\t\t\t\t\t\t<div class=\"elementor-icon-box-wrapper\">\n\n\t\t\t\t\t\t<div class=\"elementor-icon-box-icon\">\n\t\t\t\t<a href=\"https:\/\/www.v-veil-up-production.com\/wp-content\/uploads\/2022\/11\/Certificat-of-Prof-BELEC-26-languages.pdf\" target=\"_blank\" class=\"elementor-icon\" tabindex=\"-1\" aria-label=\"Concluzie \u0219i recomandare privind studiile cu Voalul HPV\">\n\t\t\t\t<svg aria-hidden=\"true\" class=\"e-font-icon-svg e-fas-file-download\" viewBox=\"0 0 384 512\" xmlns=\"http:\/\/www.w3.org\/2000\/svg\"><path d=\"M224 136V0H24C10.7 0 0 10.7 0 24v464c0 13.3 10.7 24 24 24h336c13.3 0 24-10.7 24-24V160H248c-13.2 0-24-10.8-24-24zm76.45 211.36l-96.42 95.7c-6.65 6.61-17.39 6.61-24.04 0l-96.42-95.7C73.42 337.29 80.54 320 94.82 320H160v-80c0-8.84 7.16-16 16-16h32c8.84 0 16 7.16 16 16v80h65.18c14.28 0 21.4 17.29 11.27 27.36zM377 105L279.1 7c-4.5-4.5-10.6-7-17-7H256v128h128v-6.1c0-6.3-2.5-12.4-7-16.9z\"><\/path><\/svg>\t\t\t\t<\/a>\n\t\t\t<\/div>\n\t\t\t\n\t\t\t\t\t\t<div class=\"elementor-icon-box-content\">\n\n\t\t\t\t\t\t\t\t\t<h2 class=\"elementor-icon-box-title\">\n\t\t\t\t\t\t<a href=\"https:\/\/www.v-veil-up-production.com\/wp-content\/uploads\/2022\/11\/Certificat-of-Prof-BELEC-26-languages.pdf\" target=\"_blank\" >\n\t\t\t\t\t\t\tConcluzie \u0219i recomandare privind studiile cu Voalul HPV\t\t\t\t\t\t<\/a>\n\t\t\t\t\t<\/h2>\n\t\t\t\t\n\t\t\t\t\t\t\t\t\t<p class=\"elementor-icon-box-description\">\n\t\t\t\t\t\t11 Decembrie 2019 \u2013 Declara\u021bia Profesorului Laurent Belec de la Spitalul Pompidou \u2013 Paris Fran\u021ba\t\t\t\t\t<\/p>\n\t\t\t\t\n\t\t\t<\/div>\n\t\t\t\n\t\t<\/div>\n\t\t\t\t\t\t<\/div>\n\t\t\t\t\t<\/div>\n\t\t<\/div>\n\t\t\t\t\t<\/div>\n\t\t<\/section>\n\t\t\t\t<section class=\"elementor-section elementor-inner-section elementor-element elementor-element-90c1af3 elementor-section-boxed elementor-section-height-default elementor-section-height-default\" data-id=\"90c1af3\" data-element_type=\"section\" data-e-type=\"section\">\n\t\t\t\t\t\t<div class=\"elementor-container elementor-column-gap-default\">\n\t\t\t\t\t<div class=\"elementor-column elementor-col-100 elementor-inner-column elementor-element elementor-element-b1b5b98\" data-id=\"b1b5b98\" data-element_type=\"column\" data-e-type=\"column\">\n\t\t\t<div class=\"elementor-widget-wrap elementor-element-populated\">\n\t\t\t\t\t\t<div class=\"elementor-element elementor-element-bf7aa6c elementor-view-framed elementor-position-inline-start elementor-shape-square elementor-mobile-position-block-start elementor-widget elementor-widget-icon-box\" data-id=\"bf7aa6c\" data-element_type=\"widget\" data-e-type=\"widget\" data-widget_type=\"icon-box.default\">\n\t\t\t\t\t\t\t<div class=\"elementor-icon-box-wrapper\">\n\n\t\t\t\t\t\t<div class=\"elementor-icon-box-icon\">\n\t\t\t\t<a href=\"https:\/\/www.v-veil-up-production.com\/wp-content\/uploads\/2025\/05\/diagnostics-15-01079-v2.pdf\" target=\"_blank\" class=\"elementor-icon\" tabindex=\"-1\" aria-label=\"Recuperarea cu succes a ADN-ului Papilomavirusului Uman \u00een secre\u0163ii genitale feminine colectate pe baz\u0103 de voal dup\u0103 depozitarea pe termen lung \u00een mediu de transport universal\">\n\t\t\t\t<svg aria-hidden=\"true\" class=\"e-font-icon-svg e-fas-file-download\" viewBox=\"0 0 384 512\" xmlns=\"http:\/\/www.w3.org\/2000\/svg\"><path d=\"M224 136V0H24C10.7 0 0 10.7 0 24v464c0 13.3 10.7 24 24 24h336c13.3 0 24-10.7 24-24V160H248c-13.2 0-24-10.8-24-24zm76.45 211.36l-96.42 95.7c-6.65 6.61-17.39 6.61-24.04 0l-96.42-95.7C73.42 337.29 80.54 320 94.82 320H160v-80c0-8.84 7.16-16 16-16h32c8.84 0 16 7.16 16 16v80h65.18c14.28 0 21.4 17.29 11.27 27.36zM377 105L279.1 7c-4.5-4.5-10.6-7-17-7H256v128h128v-6.1c0-6.3-2.5-12.4-7-16.9z\"><\/path><\/svg>\t\t\t\t<\/a>\n\t\t\t<\/div>\n\t\t\t\n\t\t\t\t\t\t<div class=\"elementor-icon-box-content\">\n\n\t\t\t\t\t\t\t\t\t<h2 class=\"elementor-icon-box-title\">\n\t\t\t\t\t\t<a href=\"https:\/\/www.v-veil-up-production.com\/wp-content\/uploads\/2025\/05\/diagnostics-15-01079-v2.pdf\" target=\"_blank\" >\n\t\t\t\t\t\t\tRecuperarea cu succes a ADN-ului Papilomavirusului Uman \u00een secre\u0163ii genitale feminine colectate pe baz\u0103 de voal dup\u0103 depozitarea pe termen lung \u00een mediu de transport universal\t\t\t\t\t\t<\/a>\n\t\t\t\t\t<\/h2>\n\t\t\t\t\n\t\t\t\t\t\t\t\t\t<p class=\"elementor-icon-box-description\">\n\t\t\t\t\t\tPublicat \u00een SUA \u00een National Library of Medicine : <a target=\"new\" href=\"https:\/\/pubmed.ncbi.nlm.nih.gov\/40361896\/\">https:\/\/pubmed.ncbi.nlm.nih.gov\/40361896\/<\/a>\t\t\t\t\t<\/p>\n\t\t\t\t\n\t\t\t<\/div>\n\t\t\t\n\t\t<\/div>\n\t\t\t\t\t\t<\/div>\n\t\t\t\t\t<\/div>\n\t\t<\/div>\n\t\t\t\t\t<\/div>\n\t\t<\/section>\n\t\t\t\t\t<\/div>\n\t\t<\/div>\n\t\t\t\t\t<\/div>\n\t\t<\/section>\n\t\t\t\t<\/div>\n\t\t","protected":false},"excerpt":{"rendered":"<p>Declara\u021bie \u0219tiin\u021bific\u0103 Concluzie \u0219i recomandare privind studiile cu Voalul HPV 11 Decembrie 2019 \u2013 Declara\u021bia Profesorului Laurent Belec de la Spitalul Pompidou \u2013 Paris Fran\u021ba Recuperarea cu succes a ADN-ului Papilomavirusului Uman \u00een secre\u0163ii genitale feminine colectate pe baz\u0103 de voal dup\u0103 depozitarea pe termen lung \u00een mediu de transport universal Publicat \u00een SUA \u00een [&hellip;]<\/p>\n","protected":false},"author":1,"featured_media":0,"parent":0,"menu_order":0,"comment_status":"closed","ping_status":"closed","template":"elementor_header_footer","meta":{"footnotes":""},"class_list":["post-4191","page","type-page","status-publish","hentry"],"_links":{"self":[{"href":"https:\/\/www.v-veil-up-production.com\/ro\/wp-json\/wp\/v2\/pages\/4191","targetHints":{"allow":["GET"]}}],"collection":[{"href":"https:\/\/www.v-veil-up-production.com\/ro\/wp-json\/wp\/v2\/pages"}],"about":[{"href":"https:\/\/www.v-veil-up-production.com\/ro\/wp-json\/wp\/v2\/types\/page"}],"author":[{"embeddable":true,"href":"https:\/\/www.v-veil-up-production.com\/ro\/wp-json\/wp\/v2\/users\/1"}],"replies":[{"embeddable":true,"href":"https:\/\/www.v-veil-up-production.com\/ro\/wp-json\/wp\/v2\/comments?post=4191"}],"version-history":[{"count":5,"href":"https:\/\/www.v-veil-up-production.com\/ro\/wp-json\/wp\/v2\/pages\/4191\/revisions"}],"predecessor-version":[{"id":6951,"href":"https:\/\/www.v-veil-up-production.com\/ro\/wp-json\/wp\/v2\/pages\/4191\/revisions\/6951"}],"wp:attachment":[{"href":"https:\/\/www.v-veil-up-production.com\/ro\/wp-json\/wp\/v2\/media?parent=4191"}],"curies":[{"name":"wp","href":"https:\/\/api.w.org\/{rel}","templated":true}]}}